{"id":6,"date":"2024-07-02T18:38:24","date_gmt":"2024-07-02T18:38:24","guid":{"rendered":"https:\/\/vanegas-magdiel.estudiosaxial.com\/?page_id=6"},"modified":"2025-11-14T01:22:48","modified_gmt":"2025-11-14T01:22:48","slug":"about","status":"publish","type":"page","link":"https:\/\/vanegas-magdiel.estudiosaxial.com\/es\/","title":{"rendered":"About"},"content":{"rendered":"<div data-elementor-type=\"wp-post\" data-elementor-id=\"6\" class=\"elementor elementor-6\" data-elementor-settings=\"{&quot;ha_cmc_init_switcher&quot;:&quot;no&quot;}\" data-elementor-post-type=\"page\">\n\t\t\t\t<div class=\"elementor-element elementor-element-6ad8d9b0 e-con-full e-flex e-con e-parent\" data-id=\"6ad8d9b0\" data-element_type=\"container\" data-e-type=\"container\" data-settings=\"{&quot;_ha_eqh_enable&quot;:false}\">\n\t\t\t\t<div class=\"elementor-element elementor-element-cfc7891 elementor-widget elementor-widget-text-editor\" data-id=\"cfc7891\" data-element_type=\"widget\" data-e-type=\"widget\" data-widget_type=\"text-editor.default\">\n\t\t\t\t<div class=\"elementor-widget-container\">\n\t\t\t\t\t\t\t\t\t<p>Magdiel <strong>Torres Vanegas<\/strong><\/p>\n<p class=\"translation-block\"><strong>Afiliaciones: <\/strong><span style=\"color: #ffcc00\"><a style=\"color: #ffcc00\" href=\"https:\/\/www.epgunitru.edu.pe\/\" target=\"_blank\" rel=\"noopener\">Universidad Nacional de Trujillo<\/a><\/span>, Escuela de Postgrado - Unidad de Ciencias Econ\u00f3micas. Fundador y gerente de estudios y proyectos en <span style=\"color: #ffcc00\"><a style=\"color: #ffcc00\" href=\"http:\/\/estudiosaxial.com\/\" target=\"_self\">Estudios Axial<\/a><\/span> en Per\u00fa.<\/p>\t\t\t\t\t\t\t\t<\/div>\n\t\t\t\t<\/div>\n\t\t\t\t<div class=\"elementor-element elementor-element-056443d elementor-widget elementor-widget-image\" data-id=\"056443d\" data-element_type=\"widget\" data-e-type=\"widget\" data-widget_type=\"image.default\">\n\t\t\t\t<div class=\"elementor-widget-container\">\n\t\t\t\t\t\t\t\t\t\t\t\t\t\t\t<img fetchpriority=\"high\" decoding=\"async\" width=\"300\" height=\"246\" src=\"https:\/\/vanegas-magdiel.estudiosaxial.com\/wp-content\/uploads\/2024\/07\/Imagen_00-300x246.jpg\" class=\"attachment-medium size-medium wp-image-249\" alt=\"\" srcset=\"https:\/\/vanegas-magdiel.estudiosaxial.com\/wp-content\/uploads\/2024\/07\/Imagen_00-300x246.jpg 300w, https:\/\/vanegas-magdiel.estudiosaxial.com\/wp-content\/uploads\/2024\/07\/Imagen_00-1024x839.jpg 1024w, https:\/\/vanegas-magdiel.estudiosaxial.com\/wp-content\/uploads\/2024\/07\/Imagen_00-768x629.jpg 768w, https:\/\/vanegas-magdiel.estudiosaxial.com\/wp-content\/uploads\/2024\/07\/Imagen_00-1536x1258.jpg 1536w, https:\/\/vanegas-magdiel.estudiosaxial.com\/wp-content\/uploads\/2024\/07\/Imagen_00-2048x1677.jpg 2048w\" sizes=\"(max-width: 300px) 100vw, 300px\" \/>\t\t\t\t\t\t\t\t\t\t\t\t\t\t\t<\/div>\n\t\t\t\t<\/div>\n\t\t\t\t<div class=\"elementor-element elementor-element-21e4b2fe elementor-widget__width-initial elementor-widget elementor-widget-text-editor\" data-id=\"21e4b2fe\" data-element_type=\"widget\" data-e-type=\"widget\" data-widget_type=\"text-editor.default\">\n\t\t\t\t<div class=\"elementor-widget-container\">\n\t\t\t\t\t\t\t\t\t<p>Soy investigador y doctor asociado en gesti\u00f3n p\u00fablica a la Universidad Nacional de Trujillo y me interesa modelar escenarios en ciudades emergentes en materia de planificaci\u00f3n, movilidad y gesti\u00f3n gubernamental como impulsores de la gobernanza territorial.<\/p><div class=\"wp-block-group\"><p><img style=\"color: var( --e-global-color-text ); font-size: var(--wp--preset--font-size--medium);\" alt=\"\" \/><span style=\"color: var( --e-global-color-text ); text-align: var(--text-align); font-size: var(--wp--preset--font-size--medium);\">Mis intereses de investigaci\u00f3n incluyen el rendimiento urbano, el an\u00e1lisis espacial mediante inteligencia artificial y el aprendizaje autom\u00e1tico.<\/span><\/p><p><span style=\"color: var( --e-global-color-text ); font-size: var(--wp--preset--font-size--medium);\">Tambi\u00e9n contribuyo al desarrollo de la investigaci\u00f3n en planificaci\u00f3n urbana, espacio p\u00fablico, movilidad sostenible, transporte p\u00fablico, democracia y metodolog\u00edas adaptativas para la gobernanza.<\/span><\/p><\/div><p><!-- \/wp:paragraph --><\/p>\t\t\t\t\t\t\t\t<\/div>\n\t\t\t\t<\/div>\n\t\t\t\t<div class=\"elementor-element elementor-element-8c88ac9 elementor-widget elementor-widget-text-editor\" data-id=\"8c88ac9\" data-element_type=\"widget\" data-e-type=\"widget\" data-widget_type=\"text-editor.default\">\n\t\t\t\t<div class=\"elementor-widget-container\">\n\t\t\t\t\t\t\t\t\t<p><strong>Educaci\u00f3n<\/strong><\/p>\n<p>2021 &#8211; 2024\u00a0 \u00a0 \u00a0<strong><span style=\"color: var( --e-global-color-text ); font-family: var( --e-global-typography-text-font-family ), Sans-serif; text-align: var(--text-align); font-size: var(--wp--preset--font-size--medium);\">Doctorado en Gesti\u00f3n P\u00fablica<\/span><\/strong><\/p>\n<p><span style=\"color: var( --e-global-color-text ); font-family: var( --e-global-typography-text-font-family ), Sans-serif; text-align: var(--text-align); font-size: var(--wp--preset--font-size--medium);\">\u00a0 \u00a0 \u00a0 \u00a0 \u00a0 \u00a0 \u00a0 \u00a0 \u00a0 \u00a0 \u00a0 \u00a0 <span style=\"color: #999999;\">Universidad Nacional de Trujillo<\/span><\/span><\/p>\n<p><span style=\"color: var( --e-global-color-text ); font-family: var( --e-global-typography-text-font-family ), Sans-serif; font-weight: var( --e-global-typography-text-font-weight ); text-align: var(--text-align); font-size: var(--wp--preset--font-size--medium);\">2018 &#8211; 2019\u00a0 \u00a0 \u00a0<\/span><strong><span style=\"color: var( --e-global-color-text ); font-family: var( --e-global-typography-text-font-family ), Sans-serif; text-align: var(--text-align); font-size: var(--wp--preset--font-size--medium);\">M\u00e1ster en Gesti\u00f3n P\u00fablica<\/span><\/strong><\/p>\n<p>\u00a0 \u00a0 \u00a0 \u00a0 \u00a0 \u00a0 \u00a0 \u00a0 \u00a0 \u00a0 \u00a0 \u00a0 <span style=\"color: #999999;\">Universidad C\u00e9sar Vallejo<\/span><\/p>\n<p>2003 &#8211; 2010\u00a0 \u00a0 \u00a0<strong><span style=\"color: var( --e-global-color-text ); font-family: var( --e-global-typography-text-font-family ), Sans-serif; text-align: var(--text-align); font-size: var(--wp--preset--font-size--medium);\">Arquitecto<\/span><\/strong><span style=\"color: var( --e-global-color-text ); font-family: var( --e-global-typography-text-font-family ), Sans-serif; font-weight: var( --e-global-typography-text-font-weight ); text-align: var(--text-align); font-size: var(--wp--preset--font-size--medium);\"><br \/><\/span><\/p>\n<p>\u00a0 \u00a0 \u00a0 \u00a0 \u00a0 \u00a0 \u00a0 \u00a0 \u00a0 \u00a0 \u00a0 \u00a0 <span style=\"color: #999999; font-family: var( --e-global-typography-text-font-family ), Sans-serif; text-align: var(--text-align); font-size: var(--wp--preset--font-size--medium);\">Universidad Francisco de Paula Santander<\/span><\/p>\t\t\t\t\t\t\t\t<\/div>\n\t\t\t\t<\/div>\n\t\t\t\t<\/div>\n\t\t<div class=\"elementor-element elementor-element-6cad848 e-con-full e-flex e-con e-parent\" data-id=\"6cad848\" data-element_type=\"container\" data-e-type=\"container\" data-settings=\"{&quot;_ha_eqh_enable&quot;:false}\">\n\t\t\t\t<div class=\"elementor-element elementor-element-4e8dae5 elementor-widget elementor-widget-text-editor\" data-id=\"4e8dae5\" data-element_type=\"widget\" data-e-type=\"widget\" data-widget_type=\"text-editor.default\">\n\t\t\t\t<div class=\"elementor-widget-container\">\n\t\t\t\t\t\t\t\t\t<p><strong>Sobre m\u00ed<\/strong><\/p>\n<p>Arquitecto de la Universidad Francisco de Paula Santander de Colombia, Mag\u00edster en Gesti\u00f3n P\u00fablica de la Universidad C\u00e9sar Vallejo de Per\u00fa y Doctor en el programa de postgrado en Gesti\u00f3n P\u00fablica de la Universidad Nacional de Trujillo.<\/p>\n<p>Profesor de programas de postgrado en arquitectura y gesti\u00f3n p\u00fablica, asesor t\u00e9cnico, consultor y analista de pol\u00edticas p\u00fablicas. Tengo una amplia experiencia en instituciones p\u00fablico-privadas, planificaci\u00f3n urbana, movilidad urbana y gesti\u00f3n gubernamental.<\/p>\n<p>Soy especialista en gesti\u00f3n de proyectos de inversi\u00f3n p\u00fablica y planificaci\u00f3n estrat\u00e9gica en el sector p\u00fablico, ambos por la Universidad Nacional Mayor de San Marcos UNMSM en Per\u00fa; as\u00ed como especialista en gesti\u00f3n de proyectos, gesti\u00f3n de riesgos de desastres, cambio clim\u00e1tico y desarrollo sostenible por la Universidad Nacional de Ingenier\u00eda UNI en Per\u00fa.<\/p>\n<p>He participado en la acci\u00f3n formativa del programa \"Gesti\u00f3n P\u00fablica para el Desarrollo\" del Banco Interamericano de Desarrollo BID y del programa \"Gobernabilidad, Gerencia Pol\u00edtica y Gesti\u00f3n P\u00fablica\" del Banco de Desarrollo de Am\u00e9rica Latina CAF y la Pontificia Universidad Cat\u00f3lica del Per\u00fa.<\/p>\n<p>Dentro de mi trayectoria como investigador, autor y colaborador, se encuentra la modelaci\u00f3n de escenarios que afectan el conjunto de sociedades, dentro del metabolismo urbano de ciudades emergentes en proyectos como la caracterizaci\u00f3n de escenarios de riesgo natural y antr\u00f3pico de la ciudad de San Jos\u00e9 de C\u00facuta - Colombia (2011).<\/p>\n<p>As\u00ed mismo, se presenta la formulaci\u00f3n del Plan de Movilidad Urbana Sostenible PMUS de la ciudad de Trujillo en Per\u00fa (2012), como director del equipo de trabajo de la Municipalidad Provincial de Trujillo MPT, dentro del convenio BID - MPT. De igual forma, el seguimiento del proyecto de corredores viales para BRT ligero para la ciudad de Trujillo en su etapa de perfil (2014), es producto del convenio de cooperaci\u00f3n t\u00e9cnica no reembolsable CAF - MPT.<\/p>\n<p>En la ciudad de Arequipa, he participado como arquitecto urbanista, en un concurso que promovi\u00f3 la rehabilitaci\u00f3n urbana del centro hist\u00f3rico de la ciudad (2013), fomentando la apropiaci\u00f3n ciudadana del espacio p\u00fablico, la peatonalizaci\u00f3n, y la accesibilidad universal de manera inclusiva. Lo anterior bajo el enfoque de mejorar las condiciones ambientales y reducir los niveles de contaminaci\u00f3n.<\/p>\n<p>Las instituciones promotoras fueron la Municipalidad Provincial de Arequipa MPA, la Superintendencia del Centro Hist\u00f3rico de Arequipa, los Ministerios de Vivienda, Cultura y Turismo (MVCS-MINCETUR), el Colegio de Arquitectos del Per\u00fa (CAP-Arequipa) y la Agencia Espa\u00f1ola de Cooperaci\u00f3n Internacional para el Desarrollo (AECID).<\/p>\n<p class=\"translation-block\">Por otra parte, desde mi firma consultora <span style=\"color: #ffcc00\"><a style=\"color: #ffcc00\" href=\"http:\/\/estudiosaxial.com\/\" target=\"_self\">Estudios Axial<\/a><\/span>, en la cual me desempe\u00f1o como Gerente de Estudios y Proyectos, he desarrollado consultor\u00edas como la Actualizaci\u00f3n de la Oferta y Demanda de Transporte P\u00fablico en Trujillo (2015), asesorando a gobiernos a nivel nacional y subnacional dise\u00f1ando pol\u00edticas p\u00fablicas y documentos t\u00e9cnicos normativos para la movilidad urbana sostenible, fortaleciendo la acci\u00f3n p\u00fablica de los gobiernos regionales y locales en el territorio peruano.<\/p>\t\t\t\t\t\t\t\t<\/div>\n\t\t\t\t<\/div>\n\t\t\t\t<div class=\"elementor-element elementor-element-9c85635 elementor-widget elementor-widget-spacer\" data-id=\"9c85635\" data-element_type=\"widget\" data-e-type=\"widget\" data-widget_type=\"spacer.default\">\n\t\t\t\t<div class=\"elementor-widget-container\">\n\t\t\t\t\t\t\t<div class=\"elementor-spacer\">\n\t\t\t<div class=\"elementor-spacer-inner\"><\/div>\n\t\t<\/div>\n\t\t\t\t\t\t<\/div>\n\t\t\t\t<\/div>\n\t\t\t\t<div class=\"elementor-element elementor-element-cda954a elementor-shape-rounded elementor-grid-0 e-grid-align-center elementor-widget elementor-widget-social-icons\" data-id=\"cda954a\" data-element_type=\"widget\" data-e-type=\"widget\" data-widget_type=\"social-icons.default\">\n\t\t\t\t<div class=\"elementor-widget-container\">\n\t\t\t\t\t\t\t<div class=\"elementor-social-icons-wrapper elementor-grid\" role=\"list\">\n\t\t\t\t\t\t\t<span class=\"elementor-grid-item\" role=\"listitem\">\n\t\t\t\t\t<a class=\"elementor-icon elementor-social-icon elementor-social-icon-orcid elementor-repeater-item-d841a2d\" href=\"https:\/\/orcid.org\/0000-0002-7913-214X\" target=\"_blank\">\n\t\t\t\t\t\t<span class=\"elementor-screen-only\">Orcid<\/span>\n\t\t\t\t\t\t<svg aria-hidden=\"true\" class=\"e-font-icon-svg e-fab-orcid\" viewbox=\"0 0 512 512\" xmlns=\"http:\/\/www.w3.org\/2000\/svg\"><path d=\"M294.75 188.19h-45.92V342h47.47c67.62 0 83.12-51.34 83.12-76.91 0-41.64-26.54-76.9-84.67-76.9zM256 8C119 8 8 119 8 256s111 248 248 248 248-111 248-248S393 8 256 8zm-80.79 360.76h-29.84v-207.5h29.84zm-14.92-231.14a19.57 19.57 0 1 1 19.57-19.57 19.64 19.64 0 0 1-19.57 19.57zM300 369h-81V161.26h80.6c76.73 0 110.44 54.83 110.44 103.85C410 318.39 368.38 369 300 369z\"><\/path><\/svg>\t\t\t\t\t<\/a>\n\t\t\t\t<\/span>\n\t\t\t\t\t\t\t<span class=\"elementor-grid-item\" role=\"listitem\">\n\t\t\t\t\t<a class=\"elementor-icon elementor-social-icon elementor-social-icon-envelope elementor-repeater-item-39c2a43\" href=\"mailto:vanegasmagdiel@hotmail.com\" target=\"_blank\">\n\t\t\t\t\t\t<span class=\"elementor-screen-only\">Envelope<\/span>\n\t\t\t\t\t\t<svg aria-hidden=\"true\" class=\"e-font-icon-svg e-far-envelope\" viewbox=\"0 0 512 512\" xmlns=\"http:\/\/www.w3.org\/2000\/svg\"><path d=\"M464 64H48C21.49 64 0 85.49 0 112v288c0 26.51 21.49 48 48 48h416c26.51 0 48-21.49 48-48V112c0-26.51-21.49-48-48-48zm0 48v40.805c-22.422 18.259-58.168 46.651-134.587 106.49-16.841 13.247-50.201 45.072-73.413 44.701-23.208.375-56.579-31.459-73.413-44.701C106.18 199.465 70.425 171.067 48 152.805V112h416zM48 400V214.398c22.914 18.251 55.409 43.862 104.938 82.646 21.857 17.205 60.134 55.186 103.062 54.955 42.717.231 80.509-37.199 103.053-54.947 49.528-38.783 82.032-64.401 104.947-82.653V400H48z\"><\/path><\/svg>\t\t\t\t\t<\/a>\n\t\t\t\t<\/span>\n\t\t\t\t\t\t\t<span class=\"elementor-grid-item\" role=\"listitem\">\n\t\t\t\t\t<a class=\"elementor-icon elementor-social-icon elementor-social-icon- elementor-repeater-item-ac8bbcf\" href=\"https:\/\/scholar.google.com\/citations?hl=es&#038;user=QwMzzM8AAAAJ\" target=\"_blank\">\n\t\t\t\t\t\t<span class=\"elementor-screen-only\"><\/span>\n\t\t\t\t\t\t<svg xmlns:dc=\"http:\/\/purl.org\/dc\/elements\/1.1\/\" xmlns:cc=\"http:\/\/creativecommons.org\/ns#\" xmlns:rdf=\"http:\/\/www.w3.org\/1999\/02\/22-rdf-syntax-ns#\" xmlns:svg=\"http:\/\/www.w3.org\/2000\/svg\" xmlns=\"http:\/\/www.w3.org\/2000\/svg\" xmlns:sodipodi=\"http:\/\/sodipodi.sourceforge.net\/DTD\/sodipodi-0.dtd\" xmlns:inkscape=\"http:\/\/www.inkscape.org\/namespaces\/inkscape\" sodipodi:docname=\"template-square.svg\" inkscape:version=\"1.0 (1.0+r73+1)\" id=\"svg8\" viewbox=\"0 0 448 512\" height=\"512\" width=\"448\"><title id=\"title844\">Google Scholar<\/title><defs id=\"defs2\"><\/defs><metadata><\/metadata><g inkscape:label=\"icon\" id=\"layer6\" inkscape:groupmode=\"layer\"><path d=\"M 48 32 C 21.5 32 0 53.5 0 80 L 0 432 C 0 458.5 21.5 480 48 480 L 400 480 C 426.5 480 448 458.5 448 432 L 448 80 C 448 53.5 426.5 32 400 32 L 48 32 z M 188.69531 96 L 366.93555 96 L 350.46484 108.85938 L 350.46484 131.55273 C 356.58074 132.33805 355.93359 136.01292 355.93359 140.41016 L 355.93359 247.63281 C 355.93359 252.59844 351.87154 256.66211 346.90625 256.66211 L 343.58203 256.66211 C 338.6164 256.66211 334.55273 252.59808 334.55273 247.63281 L 334.55273 140.41016 C 334.55273 136.00235 333.91278 132.32357 340.07422 131.54883 L 340.07422 117.2832 L 292.65039 156.17578 C 293.19834 157.19151 293.71814 157.84328 294.21289 158.69531 C 298.37973 166.07266 300.50195 175.2445 300.50195 186.45508 C 300.50195 195.04833 299.06991 202.77005 296.16602 209.58594 C 293.2752 216.4033 289.75942 221.97045 285.6582 226.25977 C 281.55701 230.56406 277.44275 234.49591 273.32812 238.03711 C 269.21486 241.58524 265.69906 245.28375 262.82031 249.125 C 259.91892 252.95314 258.47266 256.91247 258.47266 261.01367 C 258.47266 265.12181 260.3486 269.29452 264.08594 273.5 C 267.8098 277.7186 272.39123 281.80635 277.80859 285.84375 C 283.23797 289.85418 288.65493 294.30653 294.07227 299.15039 C 299.50131 303.98623 304.05933 310.21146 307.7832 317.77148 C 311.53367 325.35666 313.4082 333.7088 313.4082 342.88867 C 313.4082 354.99795 310.32064 365.93466 304.16211 375.66797 C 297.99007 385.36114 289.94334 393.09684 280.06055 398.76758 C 270.15151 404.47697 259.55333 408.77389 248.25195 411.67773 C 236.92398 414.55506 225.68694 416 214.46289 416 C 207.37866 416 200.23024 415.4525 193.04102 414.33398 C 185.82883 413.21398 178.60279 411.2357 171.32422 408.44922 C 164.03255 405.64267 157.57316 402.19843 151.97461 398.05859 C 146.36256 393.96392 141.84477 388.67686 138.38086 382.23828 C 134.91694 375.79976 133.19727 368.55971 133.19727 360.51953 C 133.19727 350.9809 135.85421 342.13421 141.17969 333.88477 C 146.50481 325.69549 153.56199 318.85925 162.33789 313.44336 C 177.65114 303.91787 201.67434 298.03206 234.36914 295.80664 C 226.89588 286.46381 223.14648 277.66689 223.14648 269.4375 C 223.14648 264.75479 224.36834 259.73766 226.79102 254.32031 C 222.8845 254.86718 218.86242 255.17383 214.75977 255.17383 C 197.19704 255.17383 182.36436 249.46431 170.32031 237.9668 C 158.27629 226.48824 152.26172 212.1206 152.26172 194.75 C 152.26172 192.93401 152.31391 191.33134 152.44336 189.56055 L 81.064453 189.56055 L 188.69531 96 z M 220.07422 134.33398 C 208.8753 134.33398 200.28236 138.36304 194.29297 146.4043 C 188.30507 154.42442 185.30859 164.13895 185.30859 175.55078 C 185.30859 185.27059 186.9492 195.16722 190.23047 205.25781 C 193.49857 215.34329 198.8517 224.34729 206.35156 232.2832 C 213.8248 240.23914 222.52348 244.20898 232.40625 244.20898 C 243.42216 244.20898 252.02911 240.51954 258.20117 233.13672 C 264.34622 225.76629 267.43164 216.46329 267.43164 205.25781 C 267.43164 195.71264 265.80524 185.72081 262.53711 175.27148 C 259.28103 164.80901 253.85206 155.36886 246.27344 146.96484 C 238.7211 138.53274 229.97011 134.33398 220.07422 134.33398 z M 238.5918 306.41406 C 230.55711 306.41406 222.65275 307.12634 214.89258 308.54492 C 207.13241 309.92488 199.47583 312.25478 191.92383 315.54297 C 184.34522 318.81255 178.22564 323.61796 173.56445 329.97266 C 168.87661 336.31933 166.54492 343.79435 166.54492 352.39453 C 166.54492 360.59035 168.60405 367.90081 172.71875 374.26758 C 176.8214 380.59526 182.2367 385.55152 188.96875 389.09961 C 195.70076 392.65432 202.7576 395.33574 210.12695 397.09961 C 217.50975 398.85145 225.02377 399.76367 232.67969 399.76367 C 247.82231 399.76367 260.85547 396.35252 271.79297 389.53516 C 282.70351 382.71926 288.17383 372.1931 288.17383 357.98633 C 288.17383 354.99821 287.75694 352.05432 286.93555 349.18359 C 286.07694 346.2797 285.2319 343.79439 284.39844 341.73047 C 283.56499 339.70522 281.97671 337.26317 279.63281 334.45117 C 277.302 331.63256 275.51712 329.54862 274.31836 328.16211 C 273.09446 326.73003 270.80621 324.68508 267.43164 321.98242 C 264.08738 319.26867 261.95132 317.57694 261 316.95117 L 260.99805 316.95117 C 260.06034 316.29355 257.62635 314.51567 253.70703 311.63086 C 249.78813 308.72002 247.64052 307.17679 247.26172 306.99414 C 245.20436 306.62337 242.31565 306.41406 238.5918 306.41406 z \" id=\"path2\"><\/path><\/g><\/svg>\t\t\t\t\t<\/a>\n\t\t\t\t<\/span>\n\t\t\t\t\t\t\t<span class=\"elementor-grid-item\" role=\"listitem\">\n\t\t\t\t\t<a class=\"elementor-icon elementor-social-icon elementor-social-icon-researchgate elementor-repeater-item-51d1ded\" href=\"https:\/\/www.researchgate.net\/profile\/Magdiel-Torres-Vanegas\" target=\"_blank\">\n\t\t\t\t\t\t<span class=\"elementor-screen-only\">Researchgate<\/span>\n\t\t\t\t\t\t<svg aria-hidden=\"true\" class=\"e-font-icon-svg e-fab-researchgate\" viewbox=\"0 0 448 512\" xmlns=\"http:\/\/www.w3.org\/2000\/svg\"><path d=\"M0 32v448h448V32H0zm262.2 334.4c-6.6 3-33.2 6-50-14.2-9.2-10.6-25.3-33.3-42.2-63.6-8.9 0-14.7 0-21.4-.6v46.4c0 23.5 6 21.2 25.8 23.9v8.1c-6.9-.3-23.1-.8-35.6-.8-13.1 0-26.1.6-33.6.8v-8.1c15.5-2.9 22-1.3 22-23.9V225c0-22.6-6.4-21-22-23.9V193c25.8 1 53.1-.6 70.9-.6 31.7 0 55.9 14.4 55.9 45.6 0 21.1-16.7 42.2-39.2 47.5 13.6 24.2 30 45.6 42.2 58.9 7.2 7.8 17.2 14.7 27.2 14.7v7.3zm22.9-135c-23.3 0-32.2-15.7-32.2-32.2V167c0-12.2 8.8-30.4 34-30.4s30.4 17.9 30.4 17.9l-10.7 7.2s-5.5-12.5-19.7-12.5c-7.9 0-19.7 7.3-19.7 19.7v26.8c0 13.4 6.6 23.3 17.9 23.3 14.1 0 21.5-10.9 21.5-26.8h-17.9v-10.7h30.4c0 20.5 4.7 49.9-34 49.9zm-116.5 44.7c-9.4 0-13.6-.3-20-.8v-69.7c6.4-.6 15-.6 22.5-.6 23.3 0 37.2 12.2 37.2 34.5 0 21.9-15 36.6-39.7 36.6z\"><\/path><\/svg>\t\t\t\t\t<\/a>\n\t\t\t\t<\/span>\n\t\t\t\t\t\t\t<span class=\"elementor-grid-item\" role=\"listitem\">\n\t\t\t\t\t<a class=\"elementor-icon elementor-social-icon elementor-social-icon-linkedin elementor-repeater-item-ed4de94\" href=\"https:\/\/www.linkedin.com\/in\/magdiel-torres-vanegas-41299551\/\" target=\"_blank\">\n\t\t\t\t\t\t<span class=\"elementor-screen-only\">Linkedin<\/span>\n\t\t\t\t\t\t<svg aria-hidden=\"true\" class=\"e-font-icon-svg e-fab-linkedin\" viewbox=\"0 0 448 512\" xmlns=\"http:\/\/www.w3.org\/2000\/svg\"><path d=\"M416 32H31.9C14.3 32 0 46.5 0 64.3v383.4C0 465.5 14.3 480 31.9 480H416c17.6 0 32-14.5 32-32.3V64.3c0-17.8-14.4-32.3-32-32.3zM135.4 416H69V202.2h66.5V416zm-33.2-243c-21.3 0-38.5-17.3-38.5-38.5S80.9 96 102.2 96c21.2 0 38.5 17.3 38.5 38.5 0 21.3-17.2 38.5-38.5 38.5zm282.1 243h-66.4V312c0-24.8-.5-56.7-34.5-56.7-34.6 0-39.9 27-39.9 54.9V416h-66.4V202.2h63.7v29.2h.9c8.9-16.8 30.6-34.5 62.9-34.5 67.2 0 79.7 44.3 79.7 101.9V416z\"><\/path><\/svg>\t\t\t\t\t<\/a>\n\t\t\t\t<\/span>\n\t\t\t\t\t\t\t<span class=\"elementor-grid-item\" role=\"listitem\">\n\t\t\t\t\t<a class=\"elementor-icon elementor-social-icon elementor-social-icon-facebook elementor-repeater-item-c3ce0ec\" href=\"https:\/\/www.facebook.com\/magdiel.vanegas\" target=\"_blank\">\n\t\t\t\t\t\t<span class=\"elementor-screen-only\">Facebook<\/span>\n\t\t\t\t\t\t<svg aria-hidden=\"true\" class=\"e-font-icon-svg e-fab-facebook\" viewbox=\"0 0 512 512\" xmlns=\"http:\/\/www.w3.org\/2000\/svg\"><path d=\"M504 256C504 119 393 8 256 8S8 119 8 256c0 123.78 90.69 226.38 209.25 245V327.69h-63V256h63v-54.64c0-62.15 37-96.48 93.67-96.48 27.14 0 55.52 4.84 55.52 4.84v61h-31.28c-30.8 0-40.41 19.12-40.41 38.73V256h68.78l-11 71.69h-57.78V501C413.31 482.38 504 379.78 504 256z\"><\/path><\/svg>\t\t\t\t\t<\/a>\n\t\t\t\t<\/span>\n\t\t\t\t\t\t\t<span class=\"elementor-grid-item\" role=\"listitem\">\n\t\t\t\t\t<a class=\"elementor-icon elementor-social-icon elementor-social-icon-instagram elementor-repeater-item-0967e7f\" href=\"https:\/\/www.instagram.com\/vanegasmagdiel\/\" target=\"_blank\">\n\t\t\t\t\t\t<span class=\"elementor-screen-only\">Instagram<\/span>\n\t\t\t\t\t\t<svg aria-hidden=\"true\" class=\"e-font-icon-svg e-fab-instagram\" viewbox=\"0 0 448 512\" xmlns=\"http:\/\/www.w3.org\/2000\/svg\"><path d=\"M224.1 141c-63.6 0-114.9 51.3-114.9 114.9s51.3 114.9 114.9 114.9S339 319.5 339 255.9 287.7 141 224.1 141zm0 189.6c-41.1 0-74.7-33.5-74.7-74.7s33.5-74.7 74.7-74.7 74.7 33.5 74.7 74.7-33.6 74.7-74.7 74.7zm146.4-194.3c0 14.9-12 26.8-26.8 26.8-14.9 0-26.8-12-26.8-26.8s12-26.8 26.8-26.8 26.8 12 26.8 26.8zm76.1 27.2c-1.7-35.9-9.9-67.7-36.2-93.9-26.2-26.2-58-34.4-93.9-36.2-37-2.1-147.9-2.1-184.9 0-35.8 1.7-67.6 9.9-93.9 36.1s-34.4 58-36.2 93.9c-2.1 37-2.1 147.9 0 184.9 1.7 35.9 9.9 67.7 36.2 93.9s58 34.4 93.9 36.2c37 2.1 147.9 2.1 184.9 0 35.9-1.7 67.7-9.9 93.9-36.2 26.2-26.2 34.4-58 36.2-93.9 2.1-37 2.1-147.8 0-184.8zM398.8 388c-7.8 19.6-22.9 34.7-42.6 42.6-29.5 11.7-99.5 9-132.1 9s-102.7 2.6-132.1-9c-19.6-7.8-34.7-22.9-42.6-42.6-11.7-29.5-9-99.5-9-132.1s-2.6-102.7 9-132.1c7.8-19.6 22.9-34.7 42.6-42.6 29.5-11.7 99.5-9 132.1-9s102.7-2.6 132.1 9c19.6 7.8 34.7 22.9 42.6 42.6 11.7 29.5 9 99.5 9 132.1s2.7 102.7-9 132.1z\"><\/path><\/svg>\t\t\t\t\t<\/a>\n\t\t\t\t<\/span>\n\t\t\t\t\t\t\t<span class=\"elementor-grid-item\" role=\"listitem\">\n\t\t\t\t\t<a class=\"elementor-icon elementor-social-icon elementor-social-icon-twitter elementor-repeater-item-8cf6670\" href=\"https:\/\/twitter.com\/MAGDIELTVANEGAS\" target=\"_blank\">\n\t\t\t\t\t\t<span class=\"elementor-screen-only\">Twitter<\/span>\n\t\t\t\t\t\t<svg aria-hidden=\"true\" class=\"e-font-icon-svg e-fab-twitter\" viewbox=\"0 0 512 512\" xmlns=\"http:\/\/www.w3.org\/2000\/svg\"><path d=\"M459.37 151.716c.325 4.548.325 9.097.325 13.645 0 138.72-105.583 298.558-298.558 298.558-59.452 0-114.68-17.219-161.137-47.106 8.447.974 16.568 1.299 25.34 1.299 49.055 0 94.213-16.568 130.274-44.832-46.132-.975-84.792-31.188-98.112-72.772 6.498.974 12.995 1.624 19.818 1.624 9.421 0 18.843-1.3 27.614-3.573-48.081-9.747-84.143-51.98-84.143-102.985v-1.299c13.969 7.797 30.214 12.67 47.431 13.319-28.264-18.843-46.781-51.005-46.781-87.391 0-19.492 5.197-37.36 14.294-52.954 51.655 63.675 129.3 105.258 216.365 109.807-1.624-7.797-2.599-15.918-2.599-24.04 0-57.828 46.782-104.934 104.934-104.934 30.213 0 57.502 12.67 76.67 33.137 23.715-4.548 46.456-13.32 66.599-25.34-7.798 24.366-24.366 44.833-46.132 57.827 21.117-2.273 41.584-8.122 60.426-16.243-14.292 20.791-32.161 39.308-52.628 54.253z\"><\/path><\/svg>\t\t\t\t\t<\/a>\n\t\t\t\t<\/span>\n\t\t\t\t\t<\/div>\n\t\t\t\t\t\t<\/div>\n\t\t\t\t<\/div>\n\t\t\t\t<\/div>\n\t\t\t\t<\/div>","protected":false},"excerpt":{"rendered":"<p>Magdiel Torres Vanegas Affiliations: National University of Trujillo, Graduate School &#8211; Economic Sciences Unit. Founder and manager of studies and projects of Estudios Axial in Peru. I am a doctoral research associate in public management at the National University of Trujillo and I am interested in modeling scenarios in emerging cities within planning, mobility and [&hellip;]<\/p>\n","protected":false},"author":1,"featured_media":0,"parent":0,"menu_order":0,"comment_status":"closed","ping_status":"closed","template":"","meta":{"_monsterinsights_skip_tracking":false,"_monsterinsights_sitenote_active":false,"_monsterinsights_sitenote_note":"","_monsterinsights_sitenote_category":0,"footnotes":""},"class_list":["post-6","page","type-page","status-publish","hentry"],"aioseo_notices":[],"_links":{"self":[{"href":"https:\/\/vanegas-magdiel.estudiosaxial.com\/es\/wp-json\/wp\/v2\/pages\/6","targetHints":{"allow":["GET"]}}],"collection":[{"href":"https:\/\/vanegas-magdiel.estudiosaxial.com\/es\/wp-json\/wp\/v2\/pages"}],"about":[{"href":"https:\/\/vanegas-magdiel.estudiosaxial.com\/es\/wp-json\/wp\/v2\/types\/page"}],"author":[{"embeddable":true,"href":"https:\/\/vanegas-magdiel.estudiosaxial.com\/es\/wp-json\/wp\/v2\/users\/1"}],"replies":[{"embeddable":true,"href":"https:\/\/vanegas-magdiel.estudiosaxial.com\/es\/wp-json\/wp\/v2\/comments?post=6"}],"version-history":[{"count":234,"href":"https:\/\/vanegas-magdiel.estudiosaxial.com\/es\/wp-json\/wp\/v2\/pages\/6\/revisions"}],"predecessor-version":[{"id":1055,"href":"https:\/\/vanegas-magdiel.estudiosaxial.com\/es\/wp-json\/wp\/v2\/pages\/6\/revisions\/1055"}],"wp:attachment":[{"href":"https:\/\/vanegas-magdiel.estudiosaxial.com\/es\/wp-json\/wp\/v2\/media?parent=6"}],"curies":[{"name":"wp","href":"https:\/\/api.w.org\/{rel}","templated":true}]}}